{"id":37720,"date":"2022-07-19T16:40:14","date_gmt":"2022-07-19T16:40:14","guid":{"rendered":"https:\/\/theme-dev.cmsmasters.net\/mental-care\/?page_id=37720"},"modified":"2026-04-30T14:42:59","modified_gmt":"2026-04-30T11:42:59","slug":"iletisim","status":"publish","type":"page","link":"https:\/\/toprakdis.bktechin.com\/?page_id=37720","title":{"rendered":"\u0130leti\u015fim"},"content":{"rendered":"\t\t<div data-elementor-type=\"wp-page\" data-elementor-id=\"37720\" class=\"elementor elementor-37720\" data-elementor-post-type=\"page\">\n\t\t\t\t<div class=\"elementor-element elementor-element-5820136 e-flex e-con-boxed cmsmasters-block-default e-con e-parent\" data-id=\"5820136\" data-element_type=\"container\" data-e-type=\"container\">\n\t\t\t\t\t<div class=\"e-con-inner\">\n\t\t<div class=\"elementor-element elementor-element-56b5b16 e-con-full e-flex cmsmasters-block-default e-con e-child\" data-id=\"56b5b16\" data-element_type=\"container\" data-e-type=\"container\" data-settings=\"{&quot;background_background&quot;:&quot;classic&quot;}\">\n\t\t\t\t<div class=\"elementor-element elementor-element-53be677 elementor-widget__width-initial cmsmasters-block-default cmsmasters-sticky-default elementor-widget elementor-widget-heading\" data-id=\"53be677\" data-element_type=\"widget\" data-e-type=\"widget\" data-widget_type=\"heading.default\">\n\t\t\t\t\t<h1 class=\"elementor-heading-title elementor-size-default\">Sa\u011fl\u0131\u011f\u0131n\u0131z \u0130\u00e7in Buraday\u0131z<\/h1>\t\t\t\t<\/div>\n\t\t\t\t<div class=\"elementor-element elementor-element-ff4ca02 elementor-widget__width-initial cmsmasters-block-default cmsmasters-sticky-default elementor-widget elementor-widget-heading\" data-id=\"ff4ca02\" data-element_type=\"widget\" data-e-type=\"widget\" data-widget_type=\"heading.default\">\n\t\t\t\t\t<h1 class=\"elementor-heading-title elementor-size-default\">Bizimle Kolayca \u0130leti\u015fime Ge\u00e7in<\/h1>\t\t\t\t<\/div>\n\t\t\t\t<div class=\"elementor-element elementor-element-4b6803b cmsmasters-block-default cmsmasters-sticky-default elementor-widget elementor-widget-text-editor\" data-id=\"4b6803b\" data-element_type=\"widget\" data-e-type=\"widget\" data-widget_type=\"text-editor.default\">\n\t\t\t\t\t\t\t\t\t<p>Deneyimli di\u015f hekimlerimizle sa\u011fl\u0131kl\u0131 bir g\u00fcl\u00fc\u015f yolculu\u011funa ba\u015flay\u0131n.<\/p>\t\t\t\t\t\t\t\t<\/div>\n\t\t<div class=\"elementor-element elementor-element-a5b306d e-con-full e-flex cmsmasters-block-default e-con e-child\" data-id=\"a5b306d\" data-element_type=\"container\" data-e-type=\"container\">\n\t\t\t\t<div class=\"elementor-element elementor-element-711c84a cmsmasters-block-default cmsmasters-sticky-default elementor-widget elementor-widget-cmsmasters-button\" data-id=\"711c84a\" data-element_type=\"widget\" data-e-type=\"widget\" data-widget_type=\"cmsmasters-button.default\">\n\t\t\t\t\t<div class=\"elementor-widget-cmsmasters-button__button-container\"><div class=\"elementor-widget-cmsmasters-button__button-container-inner\"><a href=\"https:\/\/toprakdis.bktechin.com\/?page_id=37991\" class=\"cmsmasters-button-link elementor-widget-cmsmasters-button__button cmsmasters-icon-view- cmsmasters-icon-shape- cmsmasters-button-size-sm\" role=\"button\" tabindex=\"0\"><span class=\"elementor-widget-cmsmasters-button__content-wrapper cmsmasters-align-icon-\"><span class=\"elementor-widget-cmsmasters-button__text\">whatsapp destek<\/span><\/span><\/a><\/div><\/div>\t\t\t\t<\/div>\n\t\t\t\t<div data-separate-animation-selector=\".elementor-widget-cmsmasters-featured-box__icon-wrap, .elementor-widget-cmsmasters-featured-box__image-wrap, .elementor-widget-cmsmasters-featured-box__title, .elementor-widget-cmsmasters-featured-box__description, .elementor-widget-cmsmasters-featured-box__button-wrapper\" data-text-animation-class=\"sequental, random\" class=\"elementor-element elementor-element-51b4070 cmsmasters-featured-box__graphic-align-left elementor-widget__width-initial cmsmasters-featured-box__link-box cmsmasters-featured-box__image_fit-none cmsmasters-featured-box__graphic-position-column cmsmasters-featured-box__graphic-position-tablet-column cmsmasters-featured-box__graphic-position-mobile-column cmsmasters-featured-box__text-valign-middle cmsmasters-block-default cmsmasters-sticky-default elementor-widget elementor-widget-cmsmasters-featured-box\" data-id=\"51b4070\" data-element_type=\"widget\" data-e-type=\"widget\" data-widget_type=\"cmsmasters-featured-box.default\">\n\t\t\t\t\t<a href=\"tel:(0216)%20377%2004%2000\" class=\"elementor-widget-cmsmasters-featured-box__wrapper\"><div class=\"elementor-widget-cmsmasters-featured-box__content\">\r\n\t\t\t\t<div class=\"elementor-widget-cmsmasters-featured-box__content-vertical-inner\"><div class=\"elementor-widget-cmsmasters-featured-box__type-wrap elementor-widget-cmsmasters-featured-box__content-item\"><div class=\"elementor-widget-cmsmasters-featured-box__title elementor-widget-cmsmasters-featured-box__content-item\">Bizi Aray\u0131n:<\/div><div class=\"elementor-widget-cmsmasters-featured-box__description elementor-widget-cmsmasters-featured-box__content-item\">(0216) 377 04 00<\/div><\/div>\r\n\t\t\t\t<\/div>\r\n\t\t\t<\/div>\r\n\t\t<\/a>\t\t\t\t<\/div>\n\t\t\t\t<\/div>\n\t\t\t\t<\/div>\n\t\t<div class=\"elementor-element elementor-element-b853536 e-con-full e-flex cmsmasters-bg-hide-none cmsmasters-bg-hide-none cmsmasters-block-default e-con e-child\" data-id=\"b853536\" data-element_type=\"container\" data-e-type=\"container\" data-settings=\"{&quot;background_background&quot;:&quot;classic&quot;}\">\n\t\t\t\t<\/div>\n\t\t\t\t\t<\/div>\n\t\t\t\t<\/div>\n\t\t<div class=\"elementor-element elementor-element-e5fa96e e-flex e-con-boxed cmsmasters-block-default e-con e-parent\" data-id=\"e5fa96e\" data-element_type=\"container\" data-e-type=\"container\">\n\t\t\t\t\t<div class=\"e-con-inner\">\n\t\t<div class=\"elementor-element elementor-element-ae856f9 e-con-full e-flex cmsmasters-block-default e-con e-child\" data-id=\"ae856f9\" data-element_type=\"container\" data-e-type=\"container\">\n\t\t\t\t<div class=\"elementor-element elementor-element-8d72ad8 elementor-widget__width-initial cmsmasters-block-default cmsmasters-sticky-default elementor-widget elementor-widget-heading\" data-id=\"8d72ad8\" data-element_type=\"widget\" data-e-type=\"widget\" data-widget_type=\"heading.default\">\n\t\t\t\t\t<h2 class=\"elementor-heading-title elementor-size-default\">\u0130leti\u015fim Bilgileri<\/h2>\t\t\t\t<\/div>\n\t\t\t\t<div class=\"elementor-element elementor-element-fd008bb cmsmasters-block-default cmsmasters-sticky-default elementor-widget elementor-widget-heading\" data-id=\"fd008bb\" data-element_type=\"widget\" data-e-type=\"widget\" data-widget_type=\"heading.default\">\n\t\t\t\t\t<p class=\"elementor-heading-title elementor-size-default\">Sorular\u0131n\u0131z ve randevu talepleriniz i\u00e7in ekibimizle hemen ileti\u015fime ge\u00e7ebilirsiniz.<\/p>\t\t\t\t<\/div>\n\t\t<div class=\"elementor-element elementor-element-aa4b6bb e-flex e-con-boxed cmsmasters-block-default e-con e-child\" data-id=\"aa4b6bb\" data-element_type=\"container\" data-e-type=\"container\">\n\t\t\t\t\t<div class=\"e-con-inner\">\n\t\t<div class=\"elementor-element elementor-element-0e922ab e-con-full e-flex cmsmasters-block-default e-con e-child\" data-id=\"0e922ab\" data-element_type=\"container\" data-e-type=\"container\">\n\t\t\t\t<div class=\"elementor-element elementor-element-fd5e58b cmsmasters-block-default cmsmasters-sticky-default elementor-widget elementor-widget-heading\" data-id=\"fd5e58b\" data-element_type=\"widget\" data-e-type=\"widget\" data-widget_type=\"heading.default\">\n\t\t\t\t\t<h6 class=\"elementor-heading-title elementor-size-default\">Klinik Adresi<\/h6>\t\t\t\t<\/div>\n\t\t\t\t<div class=\"elementor-element elementor-element-deb39c5 cmsmasters-block-default cmsmasters-sticky-default elementor-widget elementor-widget-text-editor\" data-id=\"deb39c5\" data-element_type=\"widget\" data-e-type=\"widget\" data-widget_type=\"text-editor.default\">\n\t\t\t\t\t\t\t\t\t<p>Yaln\u0131z Selvi Caddesi, Orta Mahalle, No:43A, So\u011fanl\u0131k Yeni, 34862 Kartal\/\u0130stanbul<\/p>\t\t\t\t\t\t\t\t<\/div>\n\t\t\t\t<\/div>\n\t\t<div class=\"elementor-element elementor-element-4899f0d e-con-full e-flex cmsmasters-block-default e-con e-child\" data-id=\"4899f0d\" data-element_type=\"container\" data-e-type=\"container\">\n\t\t\t\t<div class=\"elementor-element elementor-element-0429892 cmsmasters-block-default cmsmasters-sticky-default elementor-widget elementor-widget-heading\" data-id=\"0429892\" data-element_type=\"widget\" data-e-type=\"widget\" data-widget_type=\"heading.default\">\n\t\t\t\t\t<h6 class=\"elementor-heading-title elementor-size-default\">\u00c7al\u0131\u015fma Saatleri:<\/h6>\t\t\t\t<\/div>\n\t\t\t\t<div class=\"elementor-element elementor-element-dafc4f2 cmsmasters-block-default cmsmasters-sticky-default elementor-widget elementor-widget-text-editor\" data-id=\"dafc4f2\" data-element_type=\"widget\" data-e-type=\"widget\" data-widget_type=\"text-editor.default\">\n\t\t\t\t\t\t\t\t\t<p>Pazartesi \u2013 Cuma, <br \/>09.00 &#8211; 23.00<\/p><p>Cumartesi\u2013 Pazar, <br \/>09.00 &#8211; 19.00<\/p>\t\t\t\t\t\t\t\t<\/div>\n\t\t\t\t<\/div>\n\t\t\t\t\t<\/div>\n\t\t\t\t<\/div>\n\t\t\t\t<\/div>\n\t\t\t\t<div class=\"elementor-element elementor-element-7af90c7 cmsmasters-block-default cmsmasters-sticky-default elementor-widget elementor-widget-google_maps\" data-id=\"7af90c7\" data-element_type=\"widget\" data-e-type=\"widget\" data-widget_type=\"google_maps.default\">\n\t\t\t\t\t\t\t<div class=\"elementor-custom-embed\">\n\t\t\t<iframe loading=\"lazy\"\n\t\t\t\t\tsrc=\"https:\/\/maps.google.com\/maps?q=Toprak%20Di%C5%9F%20Klini%C4%9Fi&#038;t=m&#038;z=17&#038;output=embed&#038;iwloc=near\"\n\t\t\t\t\ttitle=\"Toprak Di\u015f Klini\u011fi\"\n\t\t\t\t\taria-label=\"Toprak Di\u015f Klini\u011fi\"\n\t\t\t><\/iframe>\n\t\t<\/div>\n\t\t\t\t\t\t<\/div>\n\t\t\t\t\t<\/div>\n\t\t\t\t<\/div>\n\t\t<div class=\"elementor-element elementor-element-0d32da8 e-flex e-con-boxed cmsmasters-block-default e-con e-parent\" data-id=\"0d32da8\" data-element_type=\"container\" data-e-type=\"container\">\n\t\t\t\t\t<div class=\"e-con-inner\">\n\t\t\t\t<div class=\"elementor-element elementor-element-66ade8b cmsmasters-block-default cmsmasters-sticky-default elementor-widget elementor-widget-heading\" data-id=\"66ade8b\" data-element_type=\"widget\" data-e-type=\"widget\" data-widget_type=\"heading.default\">\n\t\t\t\t\t<h2 class=\"elementor-heading-title elementor-size-default\">T\u00fcm Konumlar\u0131m\u0131z<\/h2>\t\t\t\t<\/div>\n\t\t\t\t\t<\/div>\n\t\t\t\t<\/div>\n\t\t<div class=\"elementor-element elementor-element-f92986b e-flex e-con-boxed cmsmasters-block-default e-con e-parent\" data-id=\"f92986b\" data-element_type=\"container\" data-e-type=\"container\">\n\t\t\t\t\t<div class=\"e-con-inner\">\n\t\t<div class=\"elementor-element elementor-element-4fc75ae e-con-full e-flex cmsmasters-block-default e-con e-child\" data-id=\"4fc75ae\" data-element_type=\"container\" data-e-type=\"container\">\n\t\t\t\t<div class=\"elementor-element elementor-element-81229c6 cmsmasters-block-default cmsmasters-sticky-default elementor-widget elementor-widget-image\" data-id=\"81229c6\" data-element_type=\"widget\" data-e-type=\"widget\" data-widget_type=\"image.default\">\n\t\t\t\t\t\t\t\t\t\t\t\t\t\t\t<img fetchpriority=\"high\" decoding=\"async\" width=\"1180\" height=\"695\" src=\"https:\/\/toprakdis.bktechin.com\/wp-content\/uploads\/2025\/09\/72-contacts-2.webp\" class=\"attachment-full size-full wp-image-220\" alt=\"\" srcset=\"https:\/\/toprakdis.bktechin.com\/wp-content\/uploads\/2025\/09\/72-contacts-2.webp 1180w, https:\/\/toprakdis.bktechin.com\/wp-content\/uploads\/2025\/09\/72-contacts-2-300x177.webp 300w, https:\/\/toprakdis.bktechin.com\/wp-content\/uploads\/2025\/09\/72-contacts-2-1024x603.webp 1024w, https:\/\/toprakdis.bktechin.com\/wp-content\/uploads\/2025\/09\/72-contacts-2-768x452.webp 768w, https:\/\/toprakdis.bktechin.com\/wp-content\/uploads\/2025\/09\/72-contacts-2-509x300.webp 509w, https:\/\/toprakdis.bktechin.com\/wp-content\/uploads\/2025\/09\/72-contacts-2-600x353.webp 600w\" sizes=\"(max-width: 1180px) 100vw, 1180px\" \/>\t\t\t\t\t\t\t\t\t\t\t\t\t\t\t<\/div>\n\t\t\t\t<div class=\"elementor-element elementor-element-80841e9 cmsmasters-block-default cmsmasters-sticky-default elementor-widget elementor-widget-heading\" data-id=\"80841e9\" data-element_type=\"widget\" data-e-type=\"widget\" data-widget_type=\"heading.default\">\n\t\t\t\t\t<h4 class=\"elementor-heading-title elementor-size-default\">Di\u015f Klini\u011fimiz<\/h4>\t\t\t\t<\/div>\n\t\t<div class=\"elementor-element elementor-element-e724a5c e-flex e-con-boxed cmsmasters-block-default e-con e-child\" data-id=\"e724a5c\" data-element_type=\"container\" data-e-type=\"container\">\n\t\t\t\t\t<div class=\"e-con-inner\">\n\t\t<div class=\"elementor-element elementor-element-2c476a9 e-con-full e-flex cmsmasters-block-default e-con e-child\" data-id=\"2c476a9\" data-element_type=\"container\" data-e-type=\"container\">\n\t\t\t\t<div class=\"elementor-element elementor-element-e2a1ba5 cmsmasters-block-default cmsmasters-sticky-default elementor-widget elementor-widget-heading\" data-id=\"e2a1ba5\" data-element_type=\"widget\" data-e-type=\"widget\" data-widget_type=\"heading.default\">\n\t\t\t\t\t<h6 class=\"elementor-heading-title elementor-size-default\">Klinik Adresi<\/h6>\t\t\t\t<\/div>\n\t\t\t\t<div class=\"elementor-element elementor-element-150c11b cmsmasters-block-default cmsmasters-sticky-default elementor-widget elementor-widget-text-editor\" data-id=\"150c11b\" data-element_type=\"widget\" data-e-type=\"widget\" data-widget_type=\"text-editor.default\">\n\t\t\t\t\t\t\t\t\t<p>Yaln\u0131z Selvi Caddesi, Orta Mahalle, No:43A, So\u011fanl\u0131k Yeni, 34862 Kartal\/\u0130stanbul<\/p>\t\t\t\t\t\t\t\t<\/div>\n\t\t\t\t<\/div>\n\t\t<div class=\"elementor-element elementor-element-e954316 e-con-full e-flex cmsmasters-block-default e-con e-child\" data-id=\"e954316\" data-element_type=\"container\" data-e-type=\"container\">\n\t\t\t\t<div class=\"elementor-element elementor-element-5eaf223 cmsmasters-block-default cmsmasters-sticky-default elementor-widget elementor-widget-heading\" data-id=\"5eaf223\" data-element_type=\"widget\" data-e-type=\"widget\" data-widget_type=\"heading.default\">\n\t\t\t\t\t<h6 class=\"elementor-heading-title elementor-size-default\">Bizi Aray\u0131n<\/h6>\t\t\t\t<\/div>\n\t\t\t\t<div class=\"elementor-element elementor-element-c9e38eb cmsmasters-block-default cmsmasters-sticky-default elementor-widget elementor-widget-text-editor\" data-id=\"c9e38eb\" data-element_type=\"widget\" data-e-type=\"widget\" data-widget_type=\"text-editor.default\">\n\t\t\t\t\t\t\t\t\t<p>0216 377 04 00<br \/>0541 260 75 07<\/p>\t\t\t\t\t\t\t\t<\/div>\n\t\t\t\t<\/div>\n\t\t\t\t\t<\/div>\n\t\t\t\t<\/div>\n\t\t\t\t<\/div>\n\t\t<div class=\"elementor-element elementor-element-ca3820b e-con-full e-flex cmsmasters-block-default e-con e-child\" data-id=\"ca3820b\" data-element_type=\"container\" data-e-type=\"container\">\n\t\t\t\t<div class=\"elementor-element elementor-element-cada459 cmsmasters-block-default cmsmasters-sticky-default elementor-widget elementor-widget-image\" data-id=\"cada459\" data-element_type=\"widget\" data-e-type=\"widget\" data-widget_type=\"image.default\">\n\t\t\t\t\t\t\t\t\t\t\t\t\t\t\t<img decoding=\"async\" width=\"1180\" height=\"695\" src=\"https:\/\/toprakdis.bktechin.com\/wp-content\/uploads\/2025\/09\/72-contacts-3.webp\" class=\"attachment-full size-full wp-image-221\" alt=\"\" srcset=\"https:\/\/toprakdis.bktechin.com\/wp-content\/uploads\/2025\/09\/72-contacts-3.webp 1180w, https:\/\/toprakdis.bktechin.com\/wp-content\/uploads\/2025\/09\/72-contacts-3-300x177.webp 300w, https:\/\/toprakdis.bktechin.com\/wp-content\/uploads\/2025\/09\/72-contacts-3-1024x603.webp 1024w, https:\/\/toprakdis.bktechin.com\/wp-content\/uploads\/2025\/09\/72-contacts-3-768x452.webp 768w, https:\/\/toprakdis.bktechin.com\/wp-content\/uploads\/2025\/09\/72-contacts-3-509x300.webp 509w, https:\/\/toprakdis.bktechin.com\/wp-content\/uploads\/2025\/09\/72-contacts-3-600x353.webp 600w\" sizes=\"(max-width: 1180px) 100vw, 1180px\" \/>\t\t\t\t\t\t\t\t\t\t\t\t\t\t\t<\/div>\n\t\t\t\t<div class=\"elementor-element elementor-element-73631ae cmsmasters-block-default cmsmasters-sticky-default elementor-widget elementor-widget-heading\" data-id=\"73631ae\" data-element_type=\"widget\" data-e-type=\"widget\" data-widget_type=\"heading.default\">\n\t\t\t\t\t<h4 class=\"elementor-heading-title elementor-size-default\">Di\u015f Laboratuvar\u0131m\u0131z<\/h4>\t\t\t\t<\/div>\n\t\t<div class=\"elementor-element elementor-element-8600987 e-con-full e-flex cmsmasters-block-default e-con e-child\" data-id=\"8600987\" data-element_type=\"container\" data-e-type=\"container\">\n\t\t<div class=\"elementor-element elementor-element-540c8d4 e-con-full e-flex cmsmasters-block-default e-con e-child\" data-id=\"540c8d4\" data-element_type=\"container\" data-e-type=\"container\">\n\t\t\t\t<div class=\"elementor-element elementor-element-8308c8a cmsmasters-block-default cmsmasters-sticky-default elementor-widget elementor-widget-heading\" data-id=\"8308c8a\" data-element_type=\"widget\" data-e-type=\"widget\" data-widget_type=\"heading.default\">\n\t\t\t\t\t<h6 class=\"elementor-heading-title elementor-size-default\">Labaratuvar Adresi<\/h6>\t\t\t\t<\/div>\n\t\t\t\t<div class=\"elementor-element elementor-element-df52a61 cmsmasters-block-default cmsmasters-sticky-default elementor-widget elementor-widget-text-editor\" data-id=\"df52a61\" data-element_type=\"widget\" data-e-type=\"widget\" data-widget_type=\"text-editor.default\">\n\t\t\t\t\t\t\t\t\t<p>Yaln\u0131z Selvi Caddesi, Orta Mahalle, No:43A, So\u011fanl\u0131k Yeni, 34862 Kartal\/\u0130stanbul<\/p>\t\t\t\t\t\t\t\t<\/div>\n\t\t\t\t<\/div>\n\t\t<div class=\"elementor-element elementor-element-214a27e e-con-full e-flex cmsmasters-block-default e-con e-child\" data-id=\"214a27e\" data-element_type=\"container\" data-e-type=\"container\">\n\t\t\t\t<div class=\"elementor-element elementor-element-d17d6bf cmsmasters-block-default cmsmasters-sticky-default elementor-widget elementor-widget-heading\" data-id=\"d17d6bf\" data-element_type=\"widget\" data-e-type=\"widget\" data-widget_type=\"heading.default\">\n\t\t\t\t\t<h6 class=\"elementor-heading-title elementor-size-default\">Bizi Aray\u0131n<\/h6>\t\t\t\t<\/div>\n\t\t\t\t<div class=\"elementor-element elementor-element-52bc674 cmsmasters-block-default cmsmasters-sticky-default elementor-widget elementor-widget-text-editor\" data-id=\"52bc674\" data-element_type=\"widget\" data-e-type=\"widget\" data-widget_type=\"text-editor.default\">\n\t\t\t\t\t\t\t\t\t<p>0216 377 04 00<br \/>0541 260 75 07<\/p>\t\t\t\t\t\t\t\t<\/div>\n\t\t\t\t<\/div>\n\t\t\t\t<\/div>\n\t\t\t\t<\/div>\n\t\t\t\t\t<\/div>\n\t\t\t\t<\/div>\n\t\t\t\t<\/div>\n\t\t","protected":false},"excerpt":{"rendered":"<p>Sa\u011fl\u0131\u011f\u0131n\u0131z \u0130\u00e7in Buraday\u0131z Bizimle Kolayca \u0130leti\u015fime Ge\u00e7in Deneyimli di\u015f hekimlerimizle sa\u011fl\u0131kl\u0131 bir g\u00fcl\u00fc\u015f yolculu\u011funa ba\u015flay\u0131n. whatsapp destek Bizi Aray\u0131n:(0216) 377 04 00 \u0130leti\u015fim Bilgileri Sorular\u0131n\u0131z ve randevu talepleriniz i\u00e7in ekibimizle hemen ileti\u015fime ge\u00e7ebilirsiniz. Klinik Adresi Yaln\u0131z Selvi Caddesi, Orta Mahalle, No:43A, So\u011fanl\u0131k Yeni, 34862 Kartal\/\u0130stanbul \u00c7al\u0131\u015fma Saatleri: Pazartesi \u2013 Cuma, 09.00 &#8211; 23.00 Cumartesi\u2013 Pazar,&#8230;<\/p>\n","protected":false},"author":1,"featured_media":0,"parent":0,"menu_order":0,"comment_status":"closed","ping_status":"closed","template":"","meta":{"_acf_changed":false,"footnotes":""},"class_list":["post-37720","page","type-page","status-publish","hentry"],"acf":[],"_links":{"self":[{"href":"https:\/\/toprakdis.bktechin.com\/index.php?rest_route=\/wp\/v2\/pages\/37720","targetHints":{"allow":["GET"]}}],"collection":[{"href":"https:\/\/toprakdis.bktechin.com\/index.php?rest_route=\/wp\/v2\/pages"}],"about":[{"href":"https:\/\/toprakdis.bktechin.com\/index.php?rest_route=\/wp\/v2\/types\/page"}],"author":[{"embeddable":true,"href":"https:\/\/toprakdis.bktechin.com\/index.php?rest_route=\/wp\/v2\/users\/1"}],"replies":[{"embeddable":true,"href":"https:\/\/toprakdis.bktechin.com\/index.php?rest_route=%2Fwp%2Fv2%2Fcomments&post=37720"}],"version-history":[{"count":5,"href":"https:\/\/toprakdis.bktechin.com\/index.php?rest_route=\/wp\/v2\/pages\/37720\/revisions"}],"predecessor-version":[{"id":57589,"href":"https:\/\/toprakdis.bktechin.com\/index.php?rest_route=\/wp\/v2\/pages\/37720\/revisions\/57589"}],"wp:attachment":[{"href":"https:\/\/toprakdis.bktechin.com\/index.php?rest_route=%2Fwp%2Fv2%2Fmedia&parent=37720"}],"curies":[{"name":"wp","href":"https:\/\/api.w.org\/{rel}","templated":true}]}}